{"id":221,"date":"2016-08-11T15:22:06","date_gmt":"2016-08-11T15:22:06","guid":{"rendered":"http:\/\/demo.webbaku.com\/wp\/schon2\/contacts-2\/"},"modified":"2018-03-09T10:52:34","modified_gmt":"2018-03-09T09:52:34","slug":"contacts-2","status":"publish","type":"page","link":"https:\/\/moyrastamping.com\/index.php\/contacts-2\/","title":{"rendered":"Contacts"},"content":{"rendered":"<p>[vc_row][vc_column width=&#8221;1\/2&#8243;][vc_column_text]<\/p>\n<ul>\n<li>Benevia Ltd.<\/li>\n<li>H-2040 Buda\u00f6rs, Keresked\u0151k \u00fatja 7. Hungary<\/li>\n<li>Tel.: +36-23-783-668<\/li>\n<li>E-mail: hello@moyrastamping.com<\/li>\n<\/ul>\n<p>[\/vc_column_text][\/vc_column][vc_column width=&#8221;1\/2&#8243;]\n<div class=\"wpcf7 no-js\" id=\"wpcf7-f4-o1\" lang=\"en-US\" dir=\"ltr\">\n<div class=\"screen-reader-response\"><p role=\"status\" aria-live=\"polite\" aria-atomic=\"true\"><\/p> <ul><\/ul><\/div>\n<form action=\"\/index.php\/wp-json\/wp\/v2\/pages\/221#wpcf7-f4-o1\" method=\"post\" class=\"wpcf7-form init\" aria-label=\"Contact form\" novalidate=\"novalidate\" data-status=\"init\">\n<div style=\"display: none;\">\n<input type=\"hidden\" name=\"_wpcf7\" value=\"4\" \/>\n<input type=\"hidden\" name=\"_wpcf7_version\" value=\"5.7.7\" \/>\n<input type=\"hidden\" name=\"_wpcf7_locale\" value=\"en_US\" \/>\n<input type=\"hidden\" name=\"_wpcf7_unit_tag\" value=\"wpcf7-f4-o1\" \/>\n<input type=\"hidden\" name=\"_wpcf7_container_post\" value=\"0\" \/>\n<input type=\"hidden\" name=\"_wpcf7_posted_data_hash\" value=\"\" \/>\n<input type=\"hidden\" name=\"_wpcf7_recaptcha_response\" value=\"\" \/>\n<\/div>\n<p><label> Your Name (required)<br \/>\n<span class=\"wpcf7-form-control-wrap\" data-name=\"your-name\"><input size=\"40\" class=\"wpcf7-form-control wpcf7-text wpcf7-validates-as-required\" aria-required=\"true\" aria-invalid=\"false\" value=\"\" type=\"text\" name=\"your-name\" \/><\/span> <\/label>\n<\/p>\n<p><label> Your Email (required)<br \/>\n<span class=\"wpcf7-form-control-wrap\" data-name=\"your-email\"><input size=\"40\" class=\"wpcf7-form-control wpcf7-text wpcf7-email wpcf7-validates-as-required wpcf7-validates-as-email\" aria-required=\"true\" aria-invalid=\"false\" value=\"\" type=\"email\" name=\"your-email\" \/><\/span> <\/label>\n<\/p>\n<p><label> Subject<br \/>\n<span class=\"wpcf7-form-control-wrap\" data-name=\"your-subject\"><input size=\"40\" class=\"wpcf7-form-control wpcf7-text\" aria-invalid=\"false\" value=\"\" type=\"text\" name=\"your-subject\" \/><\/span> <\/label>\n<\/p>\n<p><label> Your Message<br \/>\n<span class=\"wpcf7-form-control-wrap\" data-name=\"your-message\"><textarea cols=\"40\" rows=\"10\" class=\"wpcf7-form-control wpcf7-textarea\" aria-invalid=\"false\" name=\"your-message\"><\/textarea><\/span> <\/label>\n<\/p>\n<p><input class=\"wpcf7-form-control has-spinner wpcf7-submit\" type=\"submit\" value=\"Send\" \/>\n<\/p><div class=\"wpcf7-response-output\" aria-hidden=\"true\"><\/div>\n<\/form>\n<\/div>\n[\/vc_column][\/vc_row][vc_row][vc_column][vc_empty_space][\/vc_column][\/vc_row][vc_row][vc_column][vc_gmaps link=&#8221;#E-8_JTNDaWZyYW1lJTIwc3JjJTNEJTIyaHR0cHMlM0ElMkYlMkZ3d3cuZ29vZ2xlLmNvbSUyRm1hcHMlMkZlbWJlZCUzRnBiJTNEJTIxMW0xMCUyMTFtOCUyMTFtMyUyMTFkMjY5Ny45MDc1MDEwNzQ0OTYlMjEyZDE4Ljk2NDYxNjUlMjEzZDQ3LjQ1Mjc0MjUlMjEzbTIlMjExaTEwMjQlMjEyaTc2OCUyMTRmMTMuMSUyMTVlMCUyMTNtMiUyMTFzaHUlMjEyc2h1JTIxNHYxNTIwMjEzMzgzNDE1JTIyJTIwd2lkdGglM0QlMjI2MDAlMjIlMjBoZWlnaHQlM0QlMjI0NTAlMjIlMjBmcmFtZWJvcmRlciUzRCUyMjAlMjIlMjBzdHlsZSUzRCUyMmJvcmRlciUzQTAlMjIlMjBhbGxvd2Z1bGxzY3JlZW4lM0UlM0MlMkZpZnJhbWUlM0U=&#8221;][vc_empty_space][\/vc_column][\/vc_row][vc_row gap=&#8221;30&#8243; equal_height=&#8221;yes&#8221;][vc_column width=&#8221;1\/3&#8243; css=&#8221;.vc_custom_1471440122101{background-color: #f0f0f0 !important;}&#8221;][schon_info_box icon=&#8221;fa fa-map-marker&#8221; layout=&#8221;vertical&#8221; title=&#8221;Adress&#8221; subtitle=&#8221;Benevia Ltd. H-4020 Buda\u00f6rs, Keresked\u0151k \u00fatja 7. Hungary&#8221;][\/vc_column][vc_column width=&#8221;1\/3&#8243; css=&#8221;.vc_custom_1471440130556{background-color: #f0f0f0 !important;}&#8221;][schon_info_box icon=&#8221;fa fa-phone&#8221; layout=&#8221;vertical&#8221; title=&#8221;Phone&#8221; subtitle=&#8221;Tel.\/Fax: +36-23-783-668&#8243;][\/vc_column][vc_column width=&#8221;1\/3&#8243; css=&#8221;.vc_custom_1471440136724{background-color: #f0f0f0 !important;}&#8221;][schon_info_box icon=&#8221;fa fa-envelope-o&#8221; layout=&#8221;vertical&#8221; title=&#8221;E-Mail&#8221; subtitle=&#8221; hello@moyrastamping.com&#8221;][\/vc_column][\/vc_row]<\/p>\n","protected":false},"excerpt":{"rendered":"<p>[vc_row][vc_column width=&#8221;1\/2&#8243;][vc_column_text] Benevia Ltd. H-2040 Buda\u00f6rs, Keresked\u0151k \u00fatja 7. Hungary Tel.: +36-23-783-668 E-mail: hello@moyrastamping.com [\/vc_column_text][\/vc_column][vc_column width=&#8221;1\/2&#8243;][\/vc_column][\/vc_row][vc_row][vc_column][vc_empty_space][\/vc_column][\/vc_row][vc_row][vc_column][vc_gmaps link=&#8221;#E-8_JTNDaWZyYW1lJTIwc3JjJTNEJTIyaHR0cHMlM0ElMkYlMkZ3d3cuZ29vZ2xlLmNvbSUyRm1hcHMlMkZlbWJlZCUzRnBiJTNEJTIxMW0xMCUyMTFtOCUyMTFtMyUyMTFkMjY5Ny45MDc1MDEwNzQ0OTYlMjEyZDE4Ljk2NDYxNjUlMjEzZDQ3LjQ1Mjc0MjUlMjEzbTIlMjExaTEwMjQlMjEyaTc2OCUyMTRmMTMuMSUyMTVlMCUyMTNtMiUyMTFzaHUlMjEyc2h1JTIxNHYxNTIwMjEzMzgzNDE1JTIyJTIwd2lkdGglM0QlMjI2MDAlMjIlMjBoZWlnaHQlM0QlMjI0NTAlMjIlMjBmcmFtZWJvcmRlciUzRCUyMjAlMjIlMjBzdHlsZSUzRCUyMmJvcmRlciUzQTAlMjIlMjBhbGxvd2Z1bGxzY3JlZW4lM0UlM0MlMkZpZnJhbWUlM0U=&#8221;][vc_empty_space][\/vc_column][\/vc_row][vc_row gap=&#8221;30&#8243; equal_height=&#8221;yes&#8221;][vc_column width=&#8221;1\/3&#8243; css=&#8221;.vc_custom_1471440122101{background-color: #f0f0f0 !important;}&#8221;][schon_info_box icon=&#8221;fa fa-map-marker&#8221; layout=&#8221;vertical&#8221; title=&#8221;Adress&#8221; subtitle=&#8221;Benevia Ltd. H-4020 Buda\u00f6rs, Keresked\u0151k \u00fatja 7. Hungary&#8221;][\/vc_column][vc_column width=&#8221;1\/3&#8243; css=&#8221;.vc_custom_1471440130556{background-color: #f0f0f0 !important;}&#8221;][schon_info_box icon=&#8221;fa fa-phone&#8221; layout=&#8221;vertical&#8221; title=&#8221;Phone&#8221; subtitle=&#8221;Tel.\/Fax: +36-23-783-668&#8243;][\/vc_column][vc_column width=&#8221;1\/3&#8243; css=&#8221;.vc_custom_1471440136724{background-color: #f0f0f0 !important;}&#8221;][schon_info_box icon=&#8221;fa fa-envelope-o&#8221; layout=&#8221;vertical&#8221; title=&#8221;E-Mail&#8221; subtitle=&#8221; hello@moyrastamping.com&#8221;][\/vc_column][\/vc_row]<\/p>\n","protected":false},"author":1,"featured_media":0,"parent":0,"menu_order":0,"comment_status":"closed","ping_status":"closed","template":"","meta":[],"yoast_head":"<!-- This site is optimized with the Yoast SEO plugin v21.1 - https:\/\/yoast.com\/wordpress\/plugins\/seo\/ -->\n<title>Contacts | moyrastamping.com<\/title>\n<meta name=\"robots\" content=\"index, follow, max-snippet:-1, max-image-preview:large, max-video-preview:-1\" \/>\n<link rel=\"canonical\" href=\"https:\/\/moyrastamping.com\/index.php\/contacts-2\/\" \/>\n<meta property=\"og:locale\" content=\"en_US\" \/>\n<meta property=\"og:type\" content=\"article\" \/>\n<meta property=\"og:title\" content=\"Contacts | moyrastamping.com\" \/>\n<meta property=\"og:description\" content=\"[vc_row][vc_column width=&#8221;1\/2&#8243;][vc_column_text] Benevia Ltd. H-2040 Buda\u00f6rs, Keresked\u0151k \u00fatja 7. Hungary Tel.: +36-23-783-668 E-mail: hello@moyrastamping.com [\/vc_column_text][\/vc_column][vc_column width=&#8221;1\/2&#8243;][\/vc_column][\/vc_row][vc_row][vc_column][vc_empty_space][\/vc_column][\/vc_row][vc_row][vc_column][vc_gmaps link=&#8221;#E-8_JTNDaWZyYW1lJTIwc3JjJTNEJTIyaHR0cHMlM0ElMkYlMkZ3d3cuZ29vZ2xlLmNvbSUyRm1hcHMlMkZlbWJlZCUzRnBiJTNEJTIxMW0xMCUyMTFtOCUyMTFtMyUyMTFkMjY5Ny45MDc1MDEwNzQ0OTYlMjEyZDE4Ljk2NDYxNjUlMjEzZDQ3LjQ1Mjc0MjUlMjEzbTIlMjExaTEwMjQlMjEyaTc2OCUyMTRmMTMuMSUyMTVlMCUyMTNtMiUyMTFzaHUlMjEyc2h1JTIxNHYxNTIwMjEzMzgzNDE1JTIyJTIwd2lkdGglM0QlMjI2MDAlMjIlMjBoZWlnaHQlM0QlMjI0NTAlMjIlMjBmcmFtZWJvcmRlciUzRCUyMjAlMjIlMjBzdHlsZSUzRCUyMmJvcmRlciUzQTAlMjIlMjBhbGxvd2Z1bGxzY3JlZW4lM0UlM0MlMkZpZnJhbWUlM0U=&#8221;][vc_empty_space][\/vc_column][\/vc_row][vc_row gap=&#8221;30&#8243; equal_height=&#8221;yes&#8221;][vc_column width=&#8221;1\/3&#8243; css=&#8221;.vc_custom_1471440122101{background-color: #f0f0f0 !important;}&#8221;][schon_info_box icon=&#8221;fa fa-map-marker&#8221; layout=&#8221;vertical&#8221; title=&#8221;Adress&#8221; subtitle=&#8221;Benevia Ltd. H-4020 Buda\u00f6rs, Keresked\u0151k \u00fatja 7. Hungary&#8221;][\/vc_column][vc_column width=&#8221;1\/3&#8243; css=&#8221;.vc_custom_1471440130556{background-color: #f0f0f0 !important;}&#8221;][schon_info_box icon=&#8221;fa fa-phone&#8221; layout=&#8221;vertical&#8221; title=&#8221;Phone&#8221; subtitle=&#8221;Tel.\/Fax: +36-23-783-668&#8243;][\/vc_column][vc_column width=&#8221;1\/3&#8243; css=&#8221;.vc_custom_1471440136724{background-color: #f0f0f0 !important;}&#8221;][schon_info_box icon=&#8221;fa fa-envelope-o&#8221; layout=&#8221;vertical&#8221; title=&#8221;E-Mail&#8221; subtitle=&#8221; hello@moyrastamping.com&#8221;][\/vc_column][\/vc_row]\" \/>\n<meta property=\"og:url\" content=\"https:\/\/moyrastamping.com\/index.php\/contacts-2\/\" \/>\n<meta property=\"og:site_name\" content=\"moyrastamping.com\" \/>\n<meta property=\"article:publisher\" content=\"https:\/\/www.facebook.com\/moyra.eu\/\" \/>\n<meta property=\"article:modified_time\" content=\"2018-03-09T09:52:34+00:00\" \/>\n<meta property=\"og:image\" content=\"https:\/\/moyrastamping.com\/wp-content\/uploads\/2020\/04\/moyrastamping_og_image_lovelove.jpg\" \/>\n\t<meta property=\"og:image:width\" content=\"1200\" \/>\n\t<meta property=\"og:image:height\" content=\"520\" \/>\n\t<meta property=\"og:image:type\" content=\"image\/jpeg\" \/>\n<meta name=\"twitter:card\" content=\"summary_large_image\" \/>\n<meta name=\"twitter:label1\" content=\"Est. reading time\" \/>\n\t<meta name=\"twitter:data1\" content=\"1 minute\" \/>\n<script type=\"application\/ld+json\" class=\"yoast-schema-graph\">{\"@context\":\"https:\/\/schema.org\",\"@graph\":[{\"@type\":\"WebPage\",\"@id\":\"https:\/\/moyrastamping.com\/index.php\/contacts-2\/\",\"url\":\"https:\/\/moyrastamping.com\/index.php\/contacts-2\/\",\"name\":\"Contacts | moyrastamping.com\",\"isPartOf\":{\"@id\":\"https:\/\/moyrastamping.com\/#website\"},\"datePublished\":\"2016-08-11T15:22:06+00:00\",\"dateModified\":\"2018-03-09T09:52:34+00:00\",\"breadcrumb\":{\"@id\":\"https:\/\/moyrastamping.com\/index.php\/contacts-2\/#breadcrumb\"},\"inLanguage\":\"en-US\",\"potentialAction\":[{\"@type\":\"ReadAction\",\"target\":[\"https:\/\/moyrastamping.com\/index.php\/contacts-2\/\"]}]},{\"@type\":\"BreadcrumbList\",\"@id\":\"https:\/\/moyrastamping.com\/index.php\/contacts-2\/#breadcrumb\",\"itemListElement\":[{\"@type\":\"ListItem\",\"position\":1,\"name\":\"Home\",\"item\":\"https:\/\/moyrastamping.com\/\"},{\"@type\":\"ListItem\",\"position\":2,\"name\":\"Contacts\"}]},{\"@type\":\"WebSite\",\"@id\":\"https:\/\/moyrastamping.com\/#website\",\"url\":\"https:\/\/moyrastamping.com\/\",\"name\":\"moyrastamping.com\",\"description\":\"Moyra Nail Art Stamping System\",\"publisher\":{\"@id\":\"https:\/\/moyrastamping.com\/#organization\"},\"potentialAction\":[{\"@type\":\"SearchAction\",\"target\":{\"@type\":\"EntryPoint\",\"urlTemplate\":\"https:\/\/moyrastamping.com\/?s={search_term_string}\"},\"query-input\":\"required name=search_term_string\"}],\"inLanguage\":\"en-US\"},{\"@type\":\"Organization\",\"@id\":\"https:\/\/moyrastamping.com\/#organization\",\"name\":\"Moyra\",\"url\":\"https:\/\/moyrastamping.com\/\",\"logo\":{\"@type\":\"ImageObject\",\"inLanguage\":\"en-US\",\"@id\":\"https:\/\/moyrastamping.com\/#\/schema\/logo\/image\/\",\"url\":\"https:\/\/moyrastamping.com\/wp-content\/uploads\/2017\/01\/Moyra_logo-2.png\",\"contentUrl\":\"https:\/\/moyrastamping.com\/wp-content\/uploads\/2017\/01\/Moyra_logo-2.png\",\"width\":100,\"height\":100,\"caption\":\"Moyra\"},\"image\":{\"@id\":\"https:\/\/moyrastamping.com\/#\/schema\/logo\/image\/\"},\"sameAs\":[\"https:\/\/www.facebook.com\/moyra.eu\/\",\"https:\/\/www.instagram.com\/moyra_nailpolish_and_stamping\/\",\"https:\/\/www.pinterest.co.uk\/moyra_official\/\",\"https:\/\/www.youtube.com\/channel\/UCa1z5wFiQlUXlvFqBZFQ8oA\"]}]}<\/script>\n<!-- \/ Yoast SEO plugin. -->","yoast_head_json":{"title":"Contacts | moyrastamping.com","robots":{"index":"index","follow":"follow","max-snippet":"max-snippet:-1","max-image-preview":"max-image-preview:large","max-video-preview":"max-video-preview:-1"},"canonical":"https:\/\/moyrastamping.com\/index.php\/contacts-2\/","og_locale":"en_US","og_type":"article","og_title":"Contacts | moyrastamping.com","og_description":"[vc_row][vc_column width=&#8221;1\/2&#8243;][vc_column_text] Benevia Ltd. H-2040 Buda\u00f6rs, Keresked\u0151k \u00fatja 7. Hungary Tel.: +36-23-783-668 E-mail: hello@moyrastamping.com [\/vc_column_text][\/vc_column][vc_column width=&#8221;1\/2&#8243;][\/vc_column][\/vc_row][vc_row][vc_column][vc_empty_space][\/vc_column][\/vc_row][vc_row][vc_column][vc_gmaps link=&#8221;#E-8_JTNDaWZyYW1lJTIwc3JjJTNEJTIyaHR0cHMlM0ElMkYlMkZ3d3cuZ29vZ2xlLmNvbSUyRm1hcHMlMkZlbWJlZCUzRnBiJTNEJTIxMW0xMCUyMTFtOCUyMTFtMyUyMTFkMjY5Ny45MDc1MDEwNzQ0OTYlMjEyZDE4Ljk2NDYxNjUlMjEzZDQ3LjQ1Mjc0MjUlMjEzbTIlMjExaTEwMjQlMjEyaTc2OCUyMTRmMTMuMSUyMTVlMCUyMTNtMiUyMTFzaHUlMjEyc2h1JTIxNHYxNTIwMjEzMzgzNDE1JTIyJTIwd2lkdGglM0QlMjI2MDAlMjIlMjBoZWlnaHQlM0QlMjI0NTAlMjIlMjBmcmFtZWJvcmRlciUzRCUyMjAlMjIlMjBzdHlsZSUzRCUyMmJvcmRlciUzQTAlMjIlMjBhbGxvd2Z1bGxzY3JlZW4lM0UlM0MlMkZpZnJhbWUlM0U=&#8221;][vc_empty_space][\/vc_column][\/vc_row][vc_row gap=&#8221;30&#8243; equal_height=&#8221;yes&#8221;][vc_column width=&#8221;1\/3&#8243; css=&#8221;.vc_custom_1471440122101{background-color: #f0f0f0 !important;}&#8221;][schon_info_box icon=&#8221;fa fa-map-marker&#8221; layout=&#8221;vertical&#8221; title=&#8221;Adress&#8221; subtitle=&#8221;Benevia Ltd. H-4020 Buda\u00f6rs, Keresked\u0151k \u00fatja 7. Hungary&#8221;][\/vc_column][vc_column width=&#8221;1\/3&#8243; css=&#8221;.vc_custom_1471440130556{background-color: #f0f0f0 !important;}&#8221;][schon_info_box icon=&#8221;fa fa-phone&#8221; layout=&#8221;vertical&#8221; title=&#8221;Phone&#8221; subtitle=&#8221;Tel.\/Fax: +36-23-783-668&#8243;][\/vc_column][vc_column width=&#8221;1\/3&#8243; css=&#8221;.vc_custom_1471440136724{background-color: #f0f0f0 !important;}&#8221;][schon_info_box icon=&#8221;fa fa-envelope-o&#8221; layout=&#8221;vertical&#8221; title=&#8221;E-Mail&#8221; subtitle=&#8221; hello@moyrastamping.com&#8221;][\/vc_column][\/vc_row]","og_url":"https:\/\/moyrastamping.com\/index.php\/contacts-2\/","og_site_name":"moyrastamping.com","article_publisher":"https:\/\/www.facebook.com\/moyra.eu\/","article_modified_time":"2018-03-09T09:52:34+00:00","og_image":[{"width":1200,"height":520,"url":"https:\/\/moyrastamping.com\/wp-content\/uploads\/2020\/04\/moyrastamping_og_image_lovelove.jpg","type":"image\/jpeg"}],"twitter_card":"summary_large_image","twitter_misc":{"Est. reading time":"1 minute"},"schema":{"@context":"https:\/\/schema.org","@graph":[{"@type":"WebPage","@id":"https:\/\/moyrastamping.com\/index.php\/contacts-2\/","url":"https:\/\/moyrastamping.com\/index.php\/contacts-2\/","name":"Contacts | moyrastamping.com","isPartOf":{"@id":"https:\/\/moyrastamping.com\/#website"},"datePublished":"2016-08-11T15:22:06+00:00","dateModified":"2018-03-09T09:52:34+00:00","breadcrumb":{"@id":"https:\/\/moyrastamping.com\/index.php\/contacts-2\/#breadcrumb"},"inLanguage":"en-US","potentialAction":[{"@type":"ReadAction","target":["https:\/\/moyrastamping.com\/index.php\/contacts-2\/"]}]},{"@type":"BreadcrumbList","@id":"https:\/\/moyrastamping.com\/index.php\/contacts-2\/#breadcrumb","itemListElement":[{"@type":"ListItem","position":1,"name":"Home","item":"https:\/\/moyrastamping.com\/"},{"@type":"ListItem","position":2,"name":"Contacts"}]},{"@type":"WebSite","@id":"https:\/\/moyrastamping.com\/#website","url":"https:\/\/moyrastamping.com\/","name":"moyrastamping.com","description":"Moyra Nail Art Stamping System","publisher":{"@id":"https:\/\/moyrastamping.com\/#organization"},"potentialAction":[{"@type":"SearchAction","target":{"@type":"EntryPoint","urlTemplate":"https:\/\/moyrastamping.com\/?s={search_term_string}"},"query-input":"required name=search_term_string"}],"inLanguage":"en-US"},{"@type":"Organization","@id":"https:\/\/moyrastamping.com\/#organization","name":"Moyra","url":"https:\/\/moyrastamping.com\/","logo":{"@type":"ImageObject","inLanguage":"en-US","@id":"https:\/\/moyrastamping.com\/#\/schema\/logo\/image\/","url":"https:\/\/moyrastamping.com\/wp-content\/uploads\/2017\/01\/Moyra_logo-2.png","contentUrl":"https:\/\/moyrastamping.com\/wp-content\/uploads\/2017\/01\/Moyra_logo-2.png","width":100,"height":100,"caption":"Moyra"},"image":{"@id":"https:\/\/moyrastamping.com\/#\/schema\/logo\/image\/"},"sameAs":["https:\/\/www.facebook.com\/moyra.eu\/","https:\/\/www.instagram.com\/moyra_nailpolish_and_stamping\/","https:\/\/www.pinterest.co.uk\/moyra_official\/","https:\/\/www.youtube.com\/channel\/UCa1z5wFiQlUXlvFqBZFQ8oA"]}]}},"_links":{"self":[{"href":"https:\/\/moyrastamping.com\/index.php\/wp-json\/wp\/v2\/pages\/221"}],"collection":[{"href":"https:\/\/moyrastamping.com\/index.php\/wp-json\/wp\/v2\/pages"}],"about":[{"href":"https:\/\/moyrastamping.com\/index.php\/wp-json\/wp\/v2\/types\/page"}],"author":[{"embeddable":true,"href":"https:\/\/moyrastamping.com\/index.php\/wp-json\/wp\/v2\/users\/1"}],"replies":[{"embeddable":true,"href":"https:\/\/moyrastamping.com\/index.php\/wp-json\/wp\/v2\/comments?post=221"}],"version-history":[{"count":11,"href":"https:\/\/moyrastamping.com\/index.php\/wp-json\/wp\/v2\/pages\/221\/revisions"}],"predecessor-version":[{"id":4335,"href":"https:\/\/moyrastamping.com\/index.php\/wp-json\/wp\/v2\/pages\/221\/revisions\/4335"}],"wp:attachment":[{"href":"https:\/\/moyrastamping.com\/index.php\/wp-json\/wp\/v2\/media?parent=221"}],"curies":[{"name":"wp","href":"https:\/\/api.w.org\/{rel}","templated":true}]}}